{"id":2922,"date":"2020-09-09T12:45:55","date_gmt":"2020-09-09T16:45:55","guid":{"rendered":"http:\/\/fannybergeron.com\/?page_id=2922"},"modified":"2020-09-09T12:47:26","modified_gmt":"2020-09-09T16:47:26","slug":"programme-integri-t","status":"publish","type":"page","link":"https:\/\/fannybergeron.com\/en\/acheter-2\/programme-integri-t\/","title":{"rendered":"(Fran\u00e7ais) Programme Int\u00e9gri-T"},"content":{"rendered":"<p class=\"qtranxs-available-languages-message qtranxs-available-languages-message-en\">Sorry, this entry is only available in <a href=\"https:\/\/fannybergeron.com\/fr\/wp-json\/wp\/v2\/pages\/2922\" class=\"qtranxs-available-language-link qtranxs-available-language-link-fr\" title=\"Fran\u00e7ais\">Fran\u00e7ais<\/a>.<\/p>","protected":false},"excerpt":{"rendered":"<p>Sorry, this entry is only available in Fran\u00e7ais.<\/p>\n","protected":false},"author":634,"featured_media":0,"parent":7,"menu_order":20,"comment_status":"closed","ping_status":"closed","template":"","meta":{"_acf_changed":false,"footnotes":""},"class_list":["post-2922","page","type-page","status-publish","hentry"],"acf":[],"yoast_head":"<!-- This site is optimized with the Yoast SEO plugin v26.7 - https:\/\/yoast.com\/wordpress\/plugins\/seo\/ -->\n<title>Programme Int\u00e9gri-T REM\/AX Fanny Bergeron Courtier imobilier<\/title>\n<meta name=\"description\" content=\"Courtier immobilier St-Jean-sur-Richelieu | Agent immobilier St-Jean-sur-Richelieu | (514) 212-3621 Pour vous aider \u00e0 vendre ou acheter une propri\u00e9t\u00e9!\" \/>\n<meta name=\"robots\" content=\"index, follow, max-snippet:-1, max-image-preview:large, max-video-preview:-1\" \/>\n<link rel=\"canonical\" href=\"https:\/\/fannybergeron.com\/acheter-2\/programme-integri-t\/\" \/>\n<meta property=\"og:locale\" content=\"en_US\" \/>\n<meta property=\"og:type\" content=\"article\" \/>\n<meta property=\"og:title\" content=\"Programme Int\u00e9gri-T REM\/AX Fanny Bergeron Courtier imobilier\" \/>\n<meta property=\"og:description\" content=\"Courtier immobilier St-Jean-sur-Richelieu | Agent immobilier St-Jean-sur-Richelieu | (514) 212-3621 Pour vous aider \u00e0 vendre ou acheter une propri\u00e9t\u00e9!\" \/>\n<meta property=\"og:url\" content=\"https:\/\/fannybergeron.com\/acheter-2\/programme-integri-t\/\" \/>\n<meta property=\"og:site_name\" content=\"Real Estate Broker Saint-Jean-sur-Richelieu Fanny Bergeron\" \/>\n<meta property=\"article:publisher\" content=\"https:\/\/www.facebook.com\/FannyRemax\/\" \/>\n<meta property=\"article:modified_time\" content=\"2020-09-09T16:47:26+00:00\" \/>\n<meta property=\"og:image\" content=\"https:\/\/fannybergeron.com\/files\/2018\/07\/banniere_portrait2.png\" \/><meta property=\"og:image\" content=\"http:\/\/fannybergeron.com\/files\/2020\/08\/branding-300x194.jpg\" \/>\n<meta name=\"twitter:card\" content=\"summary_large_image\" \/>\n<meta name=\"twitter:image\" content=\"https:\/\/fannybergeron.com\/files\/2018\/07\/banniere_portrait2.png\" \/>\n<meta name=\"twitter:site\" content=\"@FannyRemax\" \/>\n<meta name=\"twitter:label1\" content=\"Est. reading time\" \/>\n\t<meta name=\"twitter:data1\" content=\"2 minutes\" \/>\n<script type=\"application\/ld+json\" class=\"yoast-schema-graph\">{\"@context\":\"https:\/\/schema.org\",\"@graph\":[{\"@type\":\"WebPage\",\"@id\":\"https:\/\/fannybergeron.com\/acheter-2\/programme-integri-t\/\",\"url\":\"https:\/\/fannybergeron.com\/acheter-2\/programme-integri-t\/\",\"name\":\"Programme Int\u00e9gri-T REM\/AX Fanny Bergeron Courtier imobilier\",\"isPartOf\":{\"@id\":\"https:\/\/fannybergeron.com\/#website\"},\"primaryImageOfPage\":{\"@id\":\"https:\/\/fannybergeron.com\/acheter-2\/programme-integri-t\/#primaryimage\"},\"image\":{\"@id\":\"https:\/\/fannybergeron.com\/acheter-2\/programme-integri-t\/#primaryimage\"},\"thumbnailUrl\":\"http:\/\/fannybergeron.com\/files\/2020\/08\/branding-300x194.jpg\",\"datePublished\":\"2020-09-09T16:45:55+00:00\",\"dateModified\":\"2020-09-09T16:47:26+00:00\",\"description\":\"Courtier immobilier St-Jean-sur-Richelieu | Agent immobilier St-Jean-sur-Richelieu | (514) 212-3621 Pour vous aider \u00e0 vendre ou acheter une propri\u00e9t\u00e9!\",\"breadcrumb\":{\"@id\":\"https:\/\/fannybergeron.com\/acheter-2\/programme-integri-t\/#breadcrumb\"},\"inLanguage\":\"en-US\",\"potentialAction\":[{\"@type\":\"ReadAction\",\"target\":[\"https:\/\/fannybergeron.com\/acheter-2\/programme-integri-t\/\"]}]},{\"@type\":\"ImageObject\",\"inLanguage\":\"en-US\",\"@id\":\"https:\/\/fannybergeron.com\/acheter-2\/programme-integri-t\/#primaryimage\",\"url\":\"http:\/\/fannybergeron.com\/files\/2020\/08\/branding-300x194.jpg\",\"contentUrl\":\"http:\/\/fannybergeron.com\/files\/2020\/08\/branding-300x194.jpg\"},{\"@type\":\"BreadcrumbList\",\"@id\":\"https:\/\/fannybergeron.com\/acheter-2\/programme-integri-t\/#breadcrumb\",\"itemListElement\":[{\"@type\":\"ListItem\",\"position\":1,\"name\":\"Accueil\",\"item\":\"https:\/\/fannybergeron.com\/\"},{\"@type\":\"ListItem\",\"position\":2,\"name\":\"Acheter\",\"item\":\"https:\/\/fannybergeron.com\/acheter-2\/\"},{\"@type\":\"ListItem\",\"position\":3,\"name\":\"Programme Int\u00e9gri-T\"}]},{\"@type\":\"WebSite\",\"@id\":\"https:\/\/fannybergeron.com\/#website\",\"url\":\"https:\/\/fannybergeron.com\/\",\"name\":\"Real Estate Broker Saint-Jean-sur-Richelieu Fanny Bergeron\",\"description\":\"Courtier immobilier Saint-Jean-sur-Richelieu\",\"publisher\":{\"@id\":\"https:\/\/fannybergeron.com\/#organization\"},\"potentialAction\":[{\"@type\":\"SearchAction\",\"target\":{\"@type\":\"EntryPoint\",\"urlTemplate\":\"https:\/\/fannybergeron.com\/?s={search_term_string}\"},\"query-input\":{\"@type\":\"PropertyValueSpecification\",\"valueRequired\":true,\"valueName\":\"search_term_string\"}}],\"inLanguage\":\"en-US\"},{\"@type\":\"Organization\",\"@id\":\"https:\/\/fannybergeron.com\/#organization\",\"name\":\"Courtier immobilier Saint-Jean-sur-Richelieu RE\/MAX Fanny Bergeron\",\"url\":\"https:\/\/fannybergeron.com\/\",\"logo\":{\"@type\":\"ImageObject\",\"inLanguage\":\"en-US\",\"@id\":\"https:\/\/fannybergeron.com\/#\/schema\/logo\/image\/\",\"url\":\"https:\/\/fannybergeron.com\/files\/2022\/04\/Ballon_RGB-e1649764306731.png\",\"contentUrl\":\"https:\/\/fannybergeron.com\/files\/2022\/04\/Ballon_RGB-e1649764306731.png\",\"width\":400,\"height\":508,\"caption\":\"Courtier immobilier Saint-Jean-sur-Richelieu RE\/MAX Fanny Bergeron\"},\"image\":{\"@id\":\"https:\/\/fannybergeron.com\/#\/schema\/logo\/image\/\"},\"sameAs\":[\"https:\/\/www.facebook.com\/FannyRemax\/\",\"https:\/\/x.com\/FannyRemax\",\"http:\/\/fanny.bergeron.courtier.immo\",\"https:\/\/www.linkedin.com\/in\/fannyremax\/\"]}]}<\/script>\n<!-- \/ Yoast SEO plugin. -->","yoast_head_json":{"title":"Programme Int\u00e9gri-T REM\/AX Fanny Bergeron Courtier imobilier","description":"Courtier immobilier St-Jean-sur-Richelieu | Agent immobilier St-Jean-sur-Richelieu | (514) 212-3621 Pour vous aider \u00e0 vendre ou acheter une propri\u00e9t\u00e9!","robots":{"index":"index","follow":"follow","max-snippet":"max-snippet:-1","max-image-preview":"max-image-preview:large","max-video-preview":"max-video-preview:-1"},"canonical":"https:\/\/fannybergeron.com\/acheter-2\/programme-integri-t\/","og_locale":"en_US","og_type":"article","og_title":"Programme Int\u00e9gri-T REM\/AX Fanny Bergeron Courtier imobilier","og_description":"Courtier immobilier St-Jean-sur-Richelieu | Agent immobilier St-Jean-sur-Richelieu | (514) 212-3621 Pour vous aider \u00e0 vendre ou acheter une propri\u00e9t\u00e9!","og_url":"https:\/\/fannybergeron.com\/acheter-2\/programme-integri-t\/","og_site_name":"Real Estate Broker Saint-Jean-sur-Richelieu Fanny Bergeron","article_publisher":"https:\/\/www.facebook.com\/FannyRemax\/","article_modified_time":"2020-09-09T16:47:26+00:00","og_image":[{"url":"https:\/\/fannybergeron.com\/files\/2018\/07\/banniere_portrait2.png","type":"","width":"","height":""},{"url":"http:\/\/fannybergeron.com\/files\/2020\/08\/branding-300x194.jpg","type":"","width":"","height":""}],"twitter_card":"summary_large_image","twitter_image":"https:\/\/fannybergeron.com\/files\/2018\/07\/banniere_portrait2.png","twitter_site":"@FannyRemax","twitter_misc":{"Est. reading time":"2 minutes"},"schema":{"@context":"https:\/\/schema.org","@graph":[{"@type":"WebPage","@id":"https:\/\/fannybergeron.com\/acheter-2\/programme-integri-t\/","url":"https:\/\/fannybergeron.com\/acheter-2\/programme-integri-t\/","name":"Programme Int\u00e9gri-T REM\/AX Fanny Bergeron Courtier imobilier","isPartOf":{"@id":"https:\/\/fannybergeron.com\/#website"},"primaryImageOfPage":{"@id":"https:\/\/fannybergeron.com\/acheter-2\/programme-integri-t\/#primaryimage"},"image":{"@id":"https:\/\/fannybergeron.com\/acheter-2\/programme-integri-t\/#primaryimage"},"thumbnailUrl":"http:\/\/fannybergeron.com\/files\/2020\/08\/branding-300x194.jpg","datePublished":"2020-09-09T16:45:55+00:00","dateModified":"2020-09-09T16:47:26+00:00","description":"Courtier immobilier St-Jean-sur-Richelieu | Agent immobilier St-Jean-sur-Richelieu | (514) 212-3621 Pour vous aider \u00e0 vendre ou acheter une propri\u00e9t\u00e9!","breadcrumb":{"@id":"https:\/\/fannybergeron.com\/acheter-2\/programme-integri-t\/#breadcrumb"},"inLanguage":"en-US","potentialAction":[{"@type":"ReadAction","target":["https:\/\/fannybergeron.com\/acheter-2\/programme-integri-t\/"]}]},{"@type":"ImageObject","inLanguage":"en-US","@id":"https:\/\/fannybergeron.com\/acheter-2\/programme-integri-t\/#primaryimage","url":"http:\/\/fannybergeron.com\/files\/2020\/08\/branding-300x194.jpg","contentUrl":"http:\/\/fannybergeron.com\/files\/2020\/08\/branding-300x194.jpg"},{"@type":"BreadcrumbList","@id":"https:\/\/fannybergeron.com\/acheter-2\/programme-integri-t\/#breadcrumb","itemListElement":[{"@type":"ListItem","position":1,"name":"Accueil","item":"https:\/\/fannybergeron.com\/"},{"@type":"ListItem","position":2,"name":"Acheter","item":"https:\/\/fannybergeron.com\/acheter-2\/"},{"@type":"ListItem","position":3,"name":"Programme Int\u00e9gri-T"}]},{"@type":"WebSite","@id":"https:\/\/fannybergeron.com\/#website","url":"https:\/\/fannybergeron.com\/","name":"Real Estate Broker Saint-Jean-sur-Richelieu Fanny Bergeron","description":"Courtier immobilier Saint-Jean-sur-Richelieu","publisher":{"@id":"https:\/\/fannybergeron.com\/#organization"},"potentialAction":[{"@type":"SearchAction","target":{"@type":"EntryPoint","urlTemplate":"https:\/\/fannybergeron.com\/?s={search_term_string}"},"query-input":{"@type":"PropertyValueSpecification","valueRequired":true,"valueName":"search_term_string"}}],"inLanguage":"en-US"},{"@type":"Organization","@id":"https:\/\/fannybergeron.com\/#organization","name":"Courtier immobilier Saint-Jean-sur-Richelieu RE\/MAX Fanny Bergeron","url":"https:\/\/fannybergeron.com\/","logo":{"@type":"ImageObject","inLanguage":"en-US","@id":"https:\/\/fannybergeron.com\/#\/schema\/logo\/image\/","url":"https:\/\/fannybergeron.com\/files\/2022\/04\/Ballon_RGB-e1649764306731.png","contentUrl":"https:\/\/fannybergeron.com\/files\/2022\/04\/Ballon_RGB-e1649764306731.png","width":400,"height":508,"caption":"Courtier immobilier Saint-Jean-sur-Richelieu RE\/MAX Fanny Bergeron"},"image":{"@id":"https:\/\/fannybergeron.com\/#\/schema\/logo\/image\/"},"sameAs":["https:\/\/www.facebook.com\/FannyRemax\/","https:\/\/x.com\/FannyRemax","http:\/\/fanny.bergeron.courtier.immo","https:\/\/www.linkedin.com\/in\/fannyremax\/"]}]}},"_links":{"self":[{"href":"https:\/\/fannybergeron.com\/en\/wp-json\/wp\/v2\/pages\/2922","targetHints":{"allow":["GET"]}}],"collection":[{"href":"https:\/\/fannybergeron.com\/en\/wp-json\/wp\/v2\/pages"}],"about":[{"href":"https:\/\/fannybergeron.com\/en\/wp-json\/wp\/v2\/types\/page"}],"author":[{"embeddable":true,"href":"https:\/\/fannybergeron.com\/en\/wp-json\/wp\/v2\/users\/634"}],"replies":[{"embeddable":true,"href":"https:\/\/fannybergeron.com\/en\/wp-json\/wp\/v2\/comments?post=2922"}],"version-history":[{"count":1,"href":"https:\/\/fannybergeron.com\/en\/wp-json\/wp\/v2\/pages\/2922\/revisions"}],"predecessor-version":[{"id":2923,"href":"https:\/\/fannybergeron.com\/en\/wp-json\/wp\/v2\/pages\/2922\/revisions\/2923"}],"up":[{"embeddable":true,"href":"https:\/\/fannybergeron.com\/en\/wp-json\/wp\/v2\/pages\/7"}],"wp:attachment":[{"href":"https:\/\/fannybergeron.com\/en\/wp-json\/wp\/v2\/media?parent=2922"}],"curies":[{"name":"wp","href":"https:\/\/api.w.org\/{rel}","templated":true}]}}